{"id":2286,"date":"2024-04-18T11:04:52","date_gmt":"2024-04-18T09:04:52","guid":{"rendered":"https:\/\/marimbacouture.com\/produit\/n1\/"},"modified":"2024-05-24T11:24:57","modified_gmt":"2024-05-24T09:24:57","slug":"n21","status":"publish","type":"product","link":"https:\/\/marimbacouture.com\/en\/produit\/n21\/","title":{"rendered":"n\u00b021"},"content":{"rendered":"<p>El Nativo n\u00b021<\/p>\n","protected":false},"excerpt":{"rendered":"<p>El Nativo n\u00b021<\/p>\n","protected":false},"featured_media":2779,"template":"","meta":{"_acf_changed":false},"product_brand":[],"product_cat":[57],"product_tag":[],"class_list":{"0":"post-2286","1":"product","2":"type-product","3":"status-publish","4":"has-post-thumbnail","6":"product_cat-el-nativo","8":"first","9":"instock","10":"shipping-taxable","11":"purchasable","12":"product-type-simple"},"acf":[],"yoast_head":"<!-- This site is optimized with the Yoast SEO plugin v26.9 - https:\/\/yoast.com\/product\/yoast-seo-wordpress\/ -->\n<title>n\u00b021 - Marimba Couture<\/title>\n<meta name=\"description\" content=\"El Nativo. Cuir bleu. Huipil. L&#039;art saison apr\u00e8s saison. D\u00e9couvrez le mod\u00e8le signature N\u00b021 de la collection El Nativo de Marimba Couture.\" \/>\n<meta name=\"robots\" content=\"index, follow, max-snippet:-1, max-image-preview:large, max-video-preview:-1\" \/>\n<link rel=\"canonical\" href=\"https:\/\/marimbacouture.com\/en\/produit\/n21\/\" \/>\n<meta property=\"og:locale\" content=\"en_US\" \/>\n<meta property=\"og:type\" content=\"article\" \/>\n<meta property=\"og:title\" content=\"n\u00b021 - Marimba Couture\" \/>\n<meta property=\"og:description\" content=\"El Nativo. Cuir bleu. Huipil. L&#039;art saison apr\u00e8s saison. D\u00e9couvrez le mod\u00e8le signature N\u00b021 de la collection El Nativo de Marimba Couture.\" \/>\n<meta property=\"og:url\" content=\"https:\/\/marimbacouture.com\/en\/produit\/n21\/\" \/>\n<meta property=\"og:site_name\" content=\"Marimba Couture\" \/>\n<meta property=\"article:modified_time\" content=\"2024-05-24T09:24:57+00:00\" \/>\n<meta property=\"og:image\" content=\"https:\/\/marimbacouture.com\/wp-content\/uploads\/2024\/04\/1MC24EN21-Marimba-Couture-El-Nativo-Bleu-Bleu-6223-podium.jpg\" \/>\n\t<meta property=\"og:image:width\" content=\"1667\" \/>\n\t<meta property=\"og:image:height\" content=\"2500\" \/>\n\t<meta property=\"og:image:type\" content=\"image\/jpeg\" \/>\n<meta name=\"twitter:card\" content=\"summary_large_image\" \/>\n<meta name=\"twitter:label1\" content=\"Est. reading time\" \/>\n\t<meta name=\"twitter:data1\" content=\"1 minute\" \/>\n<script type=\"application\/ld+json\" class=\"yoast-schema-graph\">{\"@context\":\"https:\/\/schema.org\",\"@graph\":[{\"@type\":\"WebPage\",\"@id\":\"https:\/\/marimbacouture.com\/en\/produit\/n21\/\",\"url\":\"https:\/\/marimbacouture.com\/en\/produit\/n21\/\",\"name\":\"n\u00b021 - Marimba Couture\",\"isPartOf\":{\"@id\":\"https:\/\/marimbacouture.com\/#website\"},\"primaryImageOfPage\":{\"@id\":\"https:\/\/marimbacouture.com\/en\/produit\/n21\/#primaryimage\"},\"image\":{\"@id\":\"https:\/\/marimbacouture.com\/en\/produit\/n21\/#primaryimage\"},\"thumbnailUrl\":\"https:\/\/marimbacouture.com\/wp-content\/uploads\/2024\/04\/1MC24EN21-Marimba-Couture-El-Nativo-Bleu-Bleu-6223-podium.jpg\",\"datePublished\":\"2024-04-18T09:04:52+00:00\",\"dateModified\":\"2024-05-24T09:24:57+00:00\",\"description\":\"El Nativo. Cuir bleu. Huipil. L'art saison apr\u00e8s saison. D\u00e9couvrez le mod\u00e8le signature N\u00b021 de la collection El Nativo de Marimba Couture.\",\"breadcrumb\":{\"@id\":\"https:\/\/marimbacouture.com\/en\/produit\/n21\/#breadcrumb\"},\"inLanguage\":\"en-US\",\"potentialAction\":[{\"@type\":\"ReadAction\",\"target\":[\"https:\/\/marimbacouture.com\/en\/produit\/n21\/\"]}]},{\"@type\":\"ImageObject\",\"inLanguage\":\"en-US\",\"@id\":\"https:\/\/marimbacouture.com\/en\/produit\/n21\/#primaryimage\",\"url\":\"https:\/\/marimbacouture.com\/wp-content\/uploads\/2024\/04\/1MC24EN21-Marimba-Couture-El-Nativo-Bleu-Bleu-6223-podium.jpg\",\"contentUrl\":\"https:\/\/marimbacouture.com\/wp-content\/uploads\/2024\/04\/1MC24EN21-Marimba-Couture-El-Nativo-Bleu-Bleu-6223-podium.jpg\",\"width\":1667,\"height\":2500,\"caption\":\"1MC24EN21-Marimba-Couture-El-Nativo-Bleu-Bleu-6223-podium\"},{\"@type\":\"BreadcrumbList\",\"@id\":\"https:\/\/marimbacouture.com\/en\/produit\/n21\/#breadcrumb\",\"itemListElement\":[{\"@type\":\"ListItem\",\"position\":1,\"name\":\"Accueil\",\"item\":\"https:\/\/marimbacouture.com\/\"},{\"@type\":\"ListItem\",\"position\":2,\"name\":\"Produits\",\"item\":\"https:\/\/marimbacouture.com\/boutique\/\"},{\"@type\":\"ListItem\",\"position\":3,\"name\":\"n\u00b021\"}]},{\"@type\":\"WebSite\",\"@id\":\"https:\/\/marimbacouture.com\/#website\",\"url\":\"https:\/\/marimbacouture.com\/\",\"name\":\"Marimba Couture\",\"description\":\"\",\"publisher\":{\"@id\":\"https:\/\/marimbacouture.com\/#organization\"},\"alternateName\":\"Marimba Couture\",\"potentialAction\":[{\"@type\":\"SearchAction\",\"target\":{\"@type\":\"EntryPoint\",\"urlTemplate\":\"https:\/\/marimbacouture.com\/?s={search_term_string}\"},\"query-input\":{\"@type\":\"PropertyValueSpecification\",\"valueRequired\":true,\"valueName\":\"search_term_string\"}}],\"inLanguage\":\"en-US\"},{\"@type\":\"Organization\",\"@id\":\"https:\/\/marimbacouture.com\/#organization\",\"name\":\"Marimba Couture\",\"alternateName\":\"Marimba\",\"url\":\"https:\/\/marimbacouture.com\/\",\"logo\":{\"@type\":\"ImageObject\",\"inLanguage\":\"en-US\",\"@id\":\"https:\/\/marimbacouture.com\/#\/schema\/logo\/image\/\",\"url\":\"https:\/\/marimbacouture.com\/wp-content\/uploads\/2024\/01\/logo-marimba-1.png\",\"contentUrl\":\"https:\/\/marimbacouture.com\/wp-content\/uploads\/2024\/01\/logo-marimba-1.png\",\"width\":2042,\"height\":1775,\"caption\":\"Marimba Couture\"},\"image\":{\"@id\":\"https:\/\/marimbacouture.com\/#\/schema\/logo\/image\/\"},\"sameAs\":[\"https:\/\/www.instagram.com\/marimbacouture\/?hl=fr\"]}]}<\/script>\n<!-- \/ Yoast SEO plugin. -->","yoast_head_json":{"title":"n\u00b021 - Marimba Couture","description":"El Nativo. Cuir bleu. Huipil. L'art saison apr\u00e8s saison. D\u00e9couvrez le mod\u00e8le signature N\u00b021 de la collection El Nativo de Marimba Couture.","robots":{"index":"index","follow":"follow","max-snippet":"max-snippet:-1","max-image-preview":"max-image-preview:large","max-video-preview":"max-video-preview:-1"},"canonical":"https:\/\/marimbacouture.com\/en\/produit\/n21\/","og_locale":"en_US","og_type":"article","og_title":"n\u00b021 - Marimba Couture","og_description":"El Nativo. Cuir bleu. Huipil. L'art saison apr\u00e8s saison. D\u00e9couvrez le mod\u00e8le signature N\u00b021 de la collection El Nativo de Marimba Couture.","og_url":"https:\/\/marimbacouture.com\/en\/produit\/n21\/","og_site_name":"Marimba Couture","article_modified_time":"2024-05-24T09:24:57+00:00","og_image":[{"width":1667,"height":2500,"url":"https:\/\/marimbacouture.com\/wp-content\/uploads\/2024\/04\/1MC24EN21-Marimba-Couture-El-Nativo-Bleu-Bleu-6223-podium.jpg","type":"image\/jpeg"}],"twitter_card":"summary_large_image","twitter_misc":{"Est. reading time":"1 minute"},"schema":{"@context":"https:\/\/schema.org","@graph":[{"@type":"WebPage","@id":"https:\/\/marimbacouture.com\/en\/produit\/n21\/","url":"https:\/\/marimbacouture.com\/en\/produit\/n21\/","name":"n\u00b021 - Marimba Couture","isPartOf":{"@id":"https:\/\/marimbacouture.com\/#website"},"primaryImageOfPage":{"@id":"https:\/\/marimbacouture.com\/en\/produit\/n21\/#primaryimage"},"image":{"@id":"https:\/\/marimbacouture.com\/en\/produit\/n21\/#primaryimage"},"thumbnailUrl":"https:\/\/marimbacouture.com\/wp-content\/uploads\/2024\/04\/1MC24EN21-Marimba-Couture-El-Nativo-Bleu-Bleu-6223-podium.jpg","datePublished":"2024-04-18T09:04:52+00:00","dateModified":"2024-05-24T09:24:57+00:00","description":"El Nativo. Cuir bleu. Huipil. L'art saison apr\u00e8s saison. D\u00e9couvrez le mod\u00e8le signature N\u00b021 de la collection El Nativo de Marimba Couture.","breadcrumb":{"@id":"https:\/\/marimbacouture.com\/en\/produit\/n21\/#breadcrumb"},"inLanguage":"en-US","potentialAction":[{"@type":"ReadAction","target":["https:\/\/marimbacouture.com\/en\/produit\/n21\/"]}]},{"@type":"ImageObject","inLanguage":"en-US","@id":"https:\/\/marimbacouture.com\/en\/produit\/n21\/#primaryimage","url":"https:\/\/marimbacouture.com\/wp-content\/uploads\/2024\/04\/1MC24EN21-Marimba-Couture-El-Nativo-Bleu-Bleu-6223-podium.jpg","contentUrl":"https:\/\/marimbacouture.com\/wp-content\/uploads\/2024\/04\/1MC24EN21-Marimba-Couture-El-Nativo-Bleu-Bleu-6223-podium.jpg","width":1667,"height":2500,"caption":"1MC24EN21-Marimba-Couture-El-Nativo-Bleu-Bleu-6223-podium"},{"@type":"BreadcrumbList","@id":"https:\/\/marimbacouture.com\/en\/produit\/n21\/#breadcrumb","itemListElement":[{"@type":"ListItem","position":1,"name":"Accueil","item":"https:\/\/marimbacouture.com\/"},{"@type":"ListItem","position":2,"name":"Produits","item":"https:\/\/marimbacouture.com\/boutique\/"},{"@type":"ListItem","position":3,"name":"n\u00b021"}]},{"@type":"WebSite","@id":"https:\/\/marimbacouture.com\/#website","url":"https:\/\/marimbacouture.com\/","name":"Marimba Couture","description":"","publisher":{"@id":"https:\/\/marimbacouture.com\/#organization"},"alternateName":"Marimba Couture","potentialAction":[{"@type":"SearchAction","target":{"@type":"EntryPoint","urlTemplate":"https:\/\/marimbacouture.com\/?s={search_term_string}"},"query-input":{"@type":"PropertyValueSpecification","valueRequired":true,"valueName":"search_term_string"}}],"inLanguage":"en-US"},{"@type":"Organization","@id":"https:\/\/marimbacouture.com\/#organization","name":"Marimba Couture","alternateName":"Marimba","url":"https:\/\/marimbacouture.com\/","logo":{"@type":"ImageObject","inLanguage":"en-US","@id":"https:\/\/marimbacouture.com\/#\/schema\/logo\/image\/","url":"https:\/\/marimbacouture.com\/wp-content\/uploads\/2024\/01\/logo-marimba-1.png","contentUrl":"https:\/\/marimbacouture.com\/wp-content\/uploads\/2024\/01\/logo-marimba-1.png","width":2042,"height":1775,"caption":"Marimba Couture"},"image":{"@id":"https:\/\/marimbacouture.com\/#\/schema\/logo\/image\/"},"sameAs":["https:\/\/www.instagram.com\/marimbacouture\/?hl=fr"]}]}},"_links":{"self":[{"href":"https:\/\/marimbacouture.com\/en\/wp-json\/wp\/v2\/product\/2286","targetHints":{"allow":["GET"]}}],"collection":[{"href":"https:\/\/marimbacouture.com\/en\/wp-json\/wp\/v2\/product"}],"about":[{"href":"https:\/\/marimbacouture.com\/en\/wp-json\/wp\/v2\/types\/product"}],"wp:featuredmedia":[{"embeddable":true,"href":"https:\/\/marimbacouture.com\/en\/wp-json\/wp\/v2\/media\/2779"}],"wp:attachment":[{"href":"https:\/\/marimbacouture.com\/en\/wp-json\/wp\/v2\/media?parent=2286"}],"wp:term":[{"taxonomy":"product_brand","embeddable":true,"href":"https:\/\/marimbacouture.com\/en\/wp-json\/wp\/v2\/product_brand?post=2286"},{"taxonomy":"product_cat","embeddable":true,"href":"https:\/\/marimbacouture.com\/en\/wp-json\/wp\/v2\/product_cat?post=2286"},{"taxonomy":"product_tag","embeddable":true,"href":"https:\/\/marimbacouture.com\/en\/wp-json\/wp\/v2\/product_tag?post=2286"}],"curies":[{"name":"wp","href":"https:\/\/api.w.org\/{rel}","templated":true}]}}