{"id":2180,"date":"2024-02-21T10:13:11","date_gmt":"2024-02-21T09:13:11","guid":{"rendered":"https:\/\/marimbacouture.com\/my-desires\/"},"modified":"2024-04-29T12:30:08","modified_gmt":"2024-04-29T10:30:08","slug":"my-desires","status":"publish","type":"page","link":"https:\/\/marimbacouture.com\/en\/my-desires\/","title":{"rendered":"My desires"},"content":{"rendered":"\t\t<div data-elementor-type=\"wp-page\" data-elementor-id=\"2180\" class=\"elementor elementor-2180 elementor-416\" data-elementor-post-type=\"page\">\n\t\t\t\t<div class=\"elementor-element elementor-element-973fc13 e-con-full e-flex e-con e-parent\" data-id=\"973fc13\" data-element_type=\"container\" data-e-type=\"container\">\n\t\t<div class=\"elementor-element elementor-element-e9a48ff e-con-full e-flex e-con e-child\" data-id=\"e9a48ff\" data-element_type=\"container\" data-e-type=\"container\" data-settings=\"{&quot;background_background&quot;:&quot;classic&quot;}\">\n\t\t<div class=\"elementor-element elementor-element-a683085 e-con-full elementor-hidden-tablet elementor-hidden-mobile e-flex e-con e-child\" data-id=\"a683085\" data-element_type=\"container\" data-e-type=\"container\">\n\t\t\t\t<\/div>\n\t\t<div class=\"elementor-element elementor-element-c193dcb e-con-full e-flex e-con e-child\" data-id=\"c193dcb\" data-element_type=\"container\" data-e-type=\"container\">\n\t\t\t\t<div class=\"elementor-element elementor-element-4735b97 elementor-widget elementor-widget-heading\" data-id=\"4735b97\" data-element_type=\"widget\" data-e-type=\"widget\" data-widget_type=\"heading.default\">\n\t\t\t\t<div class=\"elementor-widget-container\">\n\t\t\t\t\t<h2 class=\"elementor-heading-title elementor-size-default\">My desires<\/h2>\t\t\t\t<\/div>\n\t\t\t\t<\/div>\n\t\t\t\t<\/div>\n\t\t<div class=\"elementor-element elementor-element-82c09a5 e-con-full elementor-hidden-tablet elementor-hidden-mobile e-flex e-con e-child\" data-id=\"82c09a5\" data-element_type=\"container\" data-e-type=\"container\">\n\t\t\t\t<\/div>\n\t\t\t\t<\/div>\n\t\t\t\t<\/div>\n\t\t<section class=\"elementor-element elementor-element-4a24a47 e-con-full e-flex e-con e-parent\" data-id=\"4a24a47\" data-element_type=\"container\" data-e-type=\"container\">\n\t\t\t\t<div class=\"elementor-element elementor-element-77541cb elementor-widget elementor-widget-html\" data-id=\"77541cb\" data-element_type=\"widget\" data-e-type=\"widget\" data-widget_type=\"html.default\">\n\t\t\t\t<div class=\"elementor-widget-container\">\n\t\t\t\t\t<script>\ndocument.addEventListener('DOMContentLoaded', function() {\n    \/\/ R\u00e9cup\u00e9rer tous les \u00e9l\u00e9ments avec la classe .custom-remove-link\n    var elementsToModify = document.querySelectorAll('.custom-remove-link');\n\n    \/\/ V\u00e9rifier l'URL pour chaque \u00e9l\u00e9ment\n    elementsToModify.forEach(function(element) {\n        if (window.location.href.includes('https:\/\/marimbacouture.com\/en\/my-desires\/')) {\n            \/\/ Modifier le texte de l'\u00e9l\u00e9ment\n            element.textContent = 'Delete';\n        }\n    });\n});\n\n\n<\/script>\t\t\t\t<\/div>\n\t\t\t\t<\/div>\n\t\t\t\t<div class=\"elementor-element elementor-element-35993c0 elementor-widget elementor-widget-shortcode\" data-id=\"35993c0\" data-element_type=\"widget\" data-e-type=\"widget\" data-widget_type=\"shortcode.default\">\n\t\t\t\t<div class=\"elementor-widget-container\">\n\t\t\t\t\t\t\t<div class=\"elementor-shortcode\"><div class=\"tinv-wishlist woocommerce tinv-wishlist-clear\">\r\n\t<div class=\"tinv-header\">\r\n\t<h2>Liste d&#039;envie<\/h2>\r\n\t<\/div>\r\n\t\t<p class=\"cart-empty woocommerce-info\">\r\n\t\t\t\t\tYour Wishlist is currently empty.\t\t\t<\/p>\r\n\r\n\t\r\n\t<p class=\"return-to-shop\">\r\n\t\t<a class=\"button wc-backward\"\r\n\t\t   href=\"https:\/\/marimbacouture.com\/la-boutique\/\">Return To Shop<\/a>\r\n\t<\/p>\r\n<\/div>\r\n<\/div>\n\t\t\t\t\t\t<\/div>\n\t\t\t\t<\/div>\n\t\t\t\t<\/section>\n\t\t\t\t<\/div>\n\t\t","protected":false},"excerpt":{"rendered":"<p>My desires<\/p>\n","protected":false},"author":1,"featured_media":0,"parent":0,"menu_order":17,"comment_status":"closed","ping_status":"closed","template":"","meta":{"_acf_changed":false,"footnotes":""},"class_list":["post-2180","page","type-page","status-publish","hentry"],"acf":[],"yoast_head":"<!-- This site is optimized with the Yoast SEO plugin v27.5 - https:\/\/yoast.com\/product\/yoast-seo-wordpress\/ -->\n<title>My desires - Marimba Couture<\/title>\n<meta name=\"robots\" content=\"index, follow, max-snippet:-1, max-image-preview:large, max-video-preview:-1\" \/>\n<link rel=\"canonical\" href=\"https:\/\/marimbacouture.com\/mes-envies\/\" \/>\n<meta property=\"og:locale\" content=\"en_US\" \/>\n<meta property=\"og:type\" content=\"article\" \/>\n<meta property=\"og:title\" content=\"My desires - Marimba Couture\" \/>\n<meta property=\"og:description\" content=\"My desires\" \/>\n<meta property=\"og:url\" content=\"https:\/\/marimbacouture.com\/mes-envies\/\" \/>\n<meta property=\"og:site_name\" content=\"Marimba Couture\" \/>\n<meta property=\"article:modified_time\" content=\"2024-04-29T10:30:08+00:00\" \/>\n<meta name=\"twitter:card\" content=\"summary_large_image\" \/>\n<meta name=\"twitter:label1\" content=\"Est. reading time\" \/>\n\t<meta name=\"twitter:data1\" content=\"1 minute\" \/>\n<script type=\"application\/ld+json\" class=\"yoast-schema-graph\">{\"@context\":\"https:\\\/\\\/schema.org\",\"@graph\":[{\"@type\":\"WebPage\",\"@id\":\"https:\\\/\\\/marimbacouture.com\\\/mes-envies\\\/\",\"url\":\"https:\\\/\\\/marimbacouture.com\\\/mes-envies\\\/\",\"name\":\"My desires - Marimba Couture\",\"isPartOf\":{\"@id\":\"https:\\\/\\\/marimbacouture.com\\\/#website\"},\"datePublished\":\"2024-02-21T09:13:11+00:00\",\"dateModified\":\"2024-04-29T10:30:08+00:00\",\"breadcrumb\":{\"@id\":\"https:\\\/\\\/marimbacouture.com\\\/mes-envies\\\/#breadcrumb\"},\"inLanguage\":\"en-US\",\"potentialAction\":[{\"@type\":\"ReadAction\",\"target\":[\"https:\\\/\\\/marimbacouture.com\\\/mes-envies\\\/\"]}]},{\"@type\":\"BreadcrumbList\",\"@id\":\"https:\\\/\\\/marimbacouture.com\\\/mes-envies\\\/#breadcrumb\",\"itemListElement\":[{\"@type\":\"ListItem\",\"position\":1,\"name\":\"Accueil\",\"item\":\"https:\\\/\\\/marimbacouture.com\\\/\"},{\"@type\":\"ListItem\",\"position\":2,\"name\":\"My desires\"}]},{\"@type\":\"WebSite\",\"@id\":\"https:\\\/\\\/marimbacouture.com\\\/#website\",\"url\":\"https:\\\/\\\/marimbacouture.com\\\/\",\"name\":\"Marimba Couture\",\"description\":\"\",\"publisher\":{\"@id\":\"https:\\\/\\\/marimbacouture.com\\\/#organization\"},\"alternateName\":\"Marimba Couture\",\"potentialAction\":[{\"@type\":\"SearchAction\",\"target\":{\"@type\":\"EntryPoint\",\"urlTemplate\":\"https:\\\/\\\/marimbacouture.com\\\/?s={search_term_string}\"},\"query-input\":{\"@type\":\"PropertyValueSpecification\",\"valueRequired\":true,\"valueName\":\"search_term_string\"}}],\"inLanguage\":\"en-US\"},{\"@type\":\"Organization\",\"@id\":\"https:\\\/\\\/marimbacouture.com\\\/#organization\",\"name\":\"Marimba Couture\",\"alternateName\":\"Marimba\",\"url\":\"https:\\\/\\\/marimbacouture.com\\\/\",\"logo\":{\"@type\":\"ImageObject\",\"inLanguage\":\"en-US\",\"@id\":\"https:\\\/\\\/marimbacouture.com\\\/#\\\/schema\\\/logo\\\/image\\\/\",\"url\":\"https:\\\/\\\/marimbacouture.com\\\/wp-content\\\/uploads\\\/2024\\\/01\\\/logo-marimba-1.png\",\"contentUrl\":\"https:\\\/\\\/marimbacouture.com\\\/wp-content\\\/uploads\\\/2024\\\/01\\\/logo-marimba-1.png\",\"width\":2042,\"height\":1775,\"caption\":\"Marimba Couture\"},\"image\":{\"@id\":\"https:\\\/\\\/marimbacouture.com\\\/#\\\/schema\\\/logo\\\/image\\\/\"},\"sameAs\":[\"https:\\\/\\\/www.instagram.com\\\/marimbacouture\\\/?hl=fr\"]}]}<\/script>\n<!-- \/ Yoast SEO plugin. -->","yoast_head_json":{"title":"My desires - Marimba Couture","robots":{"index":"index","follow":"follow","max-snippet":"max-snippet:-1","max-image-preview":"max-image-preview:large","max-video-preview":"max-video-preview:-1"},"canonical":"https:\/\/marimbacouture.com\/mes-envies\/","og_locale":"en_US","og_type":"article","og_title":"My desires - Marimba Couture","og_description":"My desires","og_url":"https:\/\/marimbacouture.com\/mes-envies\/","og_site_name":"Marimba Couture","article_modified_time":"2024-04-29T10:30:08+00:00","twitter_card":"summary_large_image","twitter_misc":{"Est. reading time":"1 minute"},"schema":{"@context":"https:\/\/schema.org","@graph":[{"@type":"WebPage","@id":"https:\/\/marimbacouture.com\/mes-envies\/","url":"https:\/\/marimbacouture.com\/mes-envies\/","name":"My desires - Marimba Couture","isPartOf":{"@id":"https:\/\/marimbacouture.com\/#website"},"datePublished":"2024-02-21T09:13:11+00:00","dateModified":"2024-04-29T10:30:08+00:00","breadcrumb":{"@id":"https:\/\/marimbacouture.com\/mes-envies\/#breadcrumb"},"inLanguage":"en-US","potentialAction":[{"@type":"ReadAction","target":["https:\/\/marimbacouture.com\/mes-envies\/"]}]},{"@type":"BreadcrumbList","@id":"https:\/\/marimbacouture.com\/mes-envies\/#breadcrumb","itemListElement":[{"@type":"ListItem","position":1,"name":"Accueil","item":"https:\/\/marimbacouture.com\/"},{"@type":"ListItem","position":2,"name":"My desires"}]},{"@type":"WebSite","@id":"https:\/\/marimbacouture.com\/#website","url":"https:\/\/marimbacouture.com\/","name":"Marimba Couture","description":"","publisher":{"@id":"https:\/\/marimbacouture.com\/#organization"},"alternateName":"Marimba Couture","potentialAction":[{"@type":"SearchAction","target":{"@type":"EntryPoint","urlTemplate":"https:\/\/marimbacouture.com\/?s={search_term_string}"},"query-input":{"@type":"PropertyValueSpecification","valueRequired":true,"valueName":"search_term_string"}}],"inLanguage":"en-US"},{"@type":"Organization","@id":"https:\/\/marimbacouture.com\/#organization","name":"Marimba Couture","alternateName":"Marimba","url":"https:\/\/marimbacouture.com\/","logo":{"@type":"ImageObject","inLanguage":"en-US","@id":"https:\/\/marimbacouture.com\/#\/schema\/logo\/image\/","url":"https:\/\/marimbacouture.com\/wp-content\/uploads\/2024\/01\/logo-marimba-1.png","contentUrl":"https:\/\/marimbacouture.com\/wp-content\/uploads\/2024\/01\/logo-marimba-1.png","width":2042,"height":1775,"caption":"Marimba Couture"},"image":{"@id":"https:\/\/marimbacouture.com\/#\/schema\/logo\/image\/"},"sameAs":["https:\/\/www.instagram.com\/marimbacouture\/?hl=fr"]}]}},"_links":{"self":[{"href":"https:\/\/marimbacouture.com\/en\/wp-json\/wp\/v2\/pages\/2180","targetHints":{"allow":["GET"]}}],"collection":[{"href":"https:\/\/marimbacouture.com\/en\/wp-json\/wp\/v2\/pages"}],"about":[{"href":"https:\/\/marimbacouture.com\/en\/wp-json\/wp\/v2\/types\/page"}],"author":[{"embeddable":true,"href":"https:\/\/marimbacouture.com\/en\/wp-json\/wp\/v2\/users\/1"}],"replies":[{"embeddable":true,"href":"https:\/\/marimbacouture.com\/en\/wp-json\/wp\/v2\/comments?post=2180"}],"version-history":[{"count":0,"href":"https:\/\/marimbacouture.com\/en\/wp-json\/wp\/v2\/pages\/2180\/revisions"}],"wp:attachment":[{"href":"https:\/\/marimbacouture.com\/en\/wp-json\/wp\/v2\/media?parent=2180"}],"curies":[{"name":"wp","href":"https:\/\/api.w.org\/{rel}","templated":true}]}}