{"id":2178,"date":"2024-02-21T15:39:28","date_gmt":"2024-02-21T14:39:28","guid":{"rendered":"https:\/\/marimbacouture.com\/login-before-purchase\/"},"modified":"2024-10-23T11:52:32","modified_gmt":"2024-10-23T09:52:32","slug":"login-before-purchase","status":"publish","type":"page","link":"https:\/\/marimbacouture.com\/en\/login-before-purchase\/","title":{"rendered":"Login before purchase"},"content":{"rendered":"\t\t<div data-elementor-type=\"wp-page\" data-elementor-id=\"2178\" class=\"elementor elementor-2178 elementor-545\" data-elementor-post-type=\"page\">\n\t\t\t\t<div class=\"elementor-element elementor-element-a92bd75 e-con-full e-flex e-con e-parent\" data-id=\"a92bd75\" data-element_type=\"container\" data-e-type=\"container\">\n\t\t<div class=\"elementor-element elementor-element-8687f8c e-con-full e-flex e-con e-child\" data-id=\"8687f8c\" data-element_type=\"container\" data-e-type=\"container\" data-settings=\"{&quot;background_background&quot;:&quot;classic&quot;}\">\n\t\t<div class=\"elementor-element elementor-element-810af2f e-con-full e-flex e-con e-child\" data-id=\"810af2f\" data-element_type=\"container\" data-e-type=\"container\">\n\t\t\t\t<div class=\"elementor-element elementor-element-e0ff88d elementor-widget elementor-widget-html\" data-id=\"e0ff88d\" data-element_type=\"widget\" data-e-type=\"widget\" data-widget_type=\"html.default\">\n\t\t\t\t<div class=\"elementor-widget-container\">\n\t\t\t\t\t<script>function isUserLoggedIn() {\n    \/\/ V\u00e9rifier si l'\u00e9l\u00e9ment contenant les informations de connexion est pr\u00e9sent\n    return document.getElementById('my-account-menu-toggle') !== null;\n}\n   \nif (isUserLoggedIn()) {\n    \/\/ Rediriger vers l'\u00e9tape suivante du processus de commande\n    window.location.href = 'https:\/\/marimbacouture.com\/en\/confirm-order\/';\n}\n\n<\/script>\t\t\t\t<\/div>\n\t\t\t\t<\/div>\n\t\t\t\t<\/div>\n\t\t<div class=\"elementor-element elementor-element-5edb8f1 e-con-full e-flex e-con e-child\" data-id=\"5edb8f1\" data-element_type=\"container\" data-e-type=\"container\">\n\t\t\t\t<div class=\"elementor-element elementor-element-21c379d elementor-widget elementor-widget-heading\" data-id=\"21c379d\" data-element_type=\"widget\" data-e-type=\"widget\" id=\"my-account-menu-toggle\" data-widget_type=\"heading.default\">\n\t\t\t\t<div class=\"elementor-widget-container\">\n\t\t\t\t\t<h2 class=\"elementor-heading-title elementor-size-default\">Login<\/h2>\t\t\t\t<\/div>\n\t\t\t\t<\/div>\n\t\t\t\t<\/div>\n\t\t<div class=\"elementor-element elementor-element-3904c3a e-con-full elementor-hidden-tablet elementor-hidden-mobile e-flex e-con e-child\" data-id=\"3904c3a\" data-element_type=\"container\" data-e-type=\"container\">\n\t\t\t\t<\/div>\n\t\t\t\t<\/div>\n\t\t\t\t<\/div>\n\t\t<div class=\"elementor-element elementor-element-cd27a03 e-con-full e-flex e-con e-parent\" data-id=\"cd27a03\" data-element_type=\"container\" data-e-type=\"container\">\n\t\t<div class=\"elementor-element elementor-element-0df87b3 e-con-full e-flex e-con e-child\" data-id=\"0df87b3\" data-element_type=\"container\" data-e-type=\"container\">\n\t\t\t\t<div class=\"elementor-element elementor-element-a3eed7c elementor-widget elementor-widget-shortcode\" data-id=\"a3eed7c\" data-element_type=\"widget\" data-e-type=\"widget\" data-widget_type=\"shortcode.default\">\n\t\t\t\t<div class=\"elementor-widget-container\">\n\t\t\t\t\t\t\t<div class=\"elementor-shortcode\">\r\n<div class=\"xoo-el-form-container xoo-el-form-inline\" data-active=\"login\">\r\n\r\n\t\r\n\t\r\n\t\r\n<div class=\"xoo-el-header\">\r\n\t<ul class=\"xoo-el-tabs\">\r\n\t\t\r\n        \t\t  <li data-tab=\"login\" class=\"xoo-el-login-tgr\" style=\"order: 0 \">Sign in<\/li>\r\n        \r\n\t\t \r\n\t\t\t<li data-tab=\"register\" class=\"xoo-el-reg-tgr\" style=\"order: 1\">Sign up<\/li>\r\n\t\t\r\n\t<\/ul>\r\n<\/div>\r\n\t\r\n\t\r\n\t\t\r\n\t\t\t\r\n\t\t<div data-section=\"login\" class=\"xoo-el-section\">\r\n\r\n\t\t\t<div class=\"xoo-el-fields\">\r\n\r\n\t\t\t\t<div class=\"xoo-el-notice\"><\/div>\r\n\t\t\t\t<form class=\"xoo-el-action-form xoo-el-form-login\">\r\n\r\n\t\t\t\t\t\r\n\t\t\t\t\t<div class=\"xoo-el-fields-cont\"><div class=\"xoo-aff-group xoo-aff-cont-text one xoo-aff-cont-required xoo-el-username_cont\"><label for=xoo-el-username class=\"xoo-aff-label\">Email address<\/label><input type=\"text\" class=\"xoo-aff-required xoo-aff-text\" name=\"xoo-el-username\" placeholder=\"\"  value=\"\" required=\"\t\" autocomplete=\"username\"\/><\/div><div class=\"xoo-aff-group xoo-aff-cont-password one xoo-aff-cont-required xoo-el-password_cont\"><label for=xoo-el-password class=\"xoo-aff-label\">Password<\/label><input type=\"password\" class=\"xoo-aff-required xoo-aff-password\" name=\"xoo-el-password\" placeholder=\"\"  value=\"\" required=\"\t\" autocomplete=\"current-password\"\/><div class=\"xoo-aff-pw-toggle\">\r\n\t\t\t\t\t<span class=\"xoo-aff-pwtog-show\"><i class=\"far fa-eye\"><\/i><\/span>\r\n\t\t\t\t\t<span class=\"xoo-aff-pwtog-hide\"><i class=\"far fa-eye-slash\"><\/i><\/span>\r\n\t\t\t\t\t<\/div><\/div><\/div>\r\n<div class=\"xoo-aff-group xoo-el-login-btm-fields\">\r\n\t<label class=\"xoo-el-form-label\">\r\n\t\t<input type=\"checkbox\" name=\"xoo-el-rememberme\" value=\"forever\" \/>\r\n\t\t<span>Remember me<\/span>\r\n\t<\/label>\r\n\t<a class=\"xoo-el-lostpw-tgr\" rel=\"nofollow\" href=\"#\">Forgot Password?<\/a>\r\n<\/div>\r\n\r\n\r\n<input type=\"hidden\" name=\"_xoo_el_form\" value=\"login\">\r\n\r\n<button type=\"submit\" class=\"button btn xoo-el-action-btn xoo-el-login-btn\" >Sign in<\/button>\r\n\r\n<input type=\"hidden\" name=\"xoo_el_redirect\" value=\"https:\/\/marimbacouture.com\/commander\/\">\r\n\t\t\t\t\t\r\n\t\t\t\t<\/form>\r\n\r\n\t\t\t\t\r\n\t\r\n\t\r\n\r\n\t\r\n\t\r\n\t\t\t<\/div>\r\n\r\n\t\t<\/div>\r\n\r\n\t\r\n\t\t\t\r\n\t\t<div data-section=\"register\" class=\"xoo-el-section\">\r\n\r\n\t\t\t<div class=\"xoo-el-fields\">\r\n\r\n\t\t\t\t<div class=\"xoo-el-notice\"><\/div>\r\n\t\t\t\t<form class=\"xoo-el-action-form xoo-el-form-register\">\r\n\r\n\t\t\t\t\t\r\n\t\t\t\t\t<div class=\"xoo-el-fields-cont\"><div class=\"xoo-aff-group xoo-aff-cont-text one xoo-aff-cont-required xoo_el_reg_username_cont\"><label for=xoo_el_reg_username class=\"xoo-aff-label\">Username<\/label><input type=\"text\" class=\"xoo-aff-required xoo-aff-text\" name=\"xoo_el_reg_username\" placeholder=\"\"  value=\"\" maxlength=\"20\" minlength=\"5\" required=\"\t\"\/><\/div><div class=\"xoo-aff-group xoo-aff-cont-email one xoo-aff-cont-required xoo_el_reg_email_cont\"><label for=xoo_el_reg_email class=\"xoo-aff-label\">Email address<\/label><input type=\"email\" class=\"xoo-aff-required xoo-aff-email\" name=\"xoo_el_reg_email\" placeholder=\"\"  value=\"\" required=\"\t\" autocomplete=\"email\"\/><\/div><div class=\"xoo-aff-group xoo-aff-cont-text onehalf xoo-aff-cont-required xoo_el_reg_lname_cont\"><label for=xoo_el_reg_lname class=\"xoo-aff-label\">Last name<\/label><input type=\"text\" class=\"xoo-aff-required xoo-aff-text\" name=\"xoo_el_reg_lname\" placeholder=\"\"  value=\"\" required=\"\t\"\/><\/div><div class=\"xoo-aff-group xoo-aff-cont-text onehalf xoo-aff-cont-required xoo_el_reg_fname_cont\"><label for=xoo_el_reg_fname class=\"xoo-aff-label\">First name<\/label><input type=\"text\" class=\"xoo-aff-required xoo-aff-text\" name=\"xoo_el_reg_fname\" placeholder=\"\"  value=\"\" required=\"\t\"\/><\/div><div class=\"xoo-aff-group xoo-aff-cont-password one xoo-aff-cont-required xoo_el_reg_pass_cont\"><label for=xoo_el_reg_pass class=\"xoo-aff-label\">Password<\/label><input type=\"password\" class=\"xoo-aff-required xoo-aff-password\" name=\"xoo_el_reg_pass\" placeholder=\"\"  value=\"\" maxlength=\"20\" minlength=\"6\" required=\"\t\" autocomplete=\"new-password\"\/><div class=\"xoo-aff-pw-toggle\">\r\n\t\t\t\t\t<span class=\"xoo-aff-pwtog-show\"><i class=\"far fa-eye\"><\/i><\/span>\r\n\t\t\t\t\t<span class=\"xoo-aff-pwtog-hide\"><i class=\"far fa-eye-slash\"><\/i><\/span>\r\n\t\t\t\t\t<\/div><\/div><div class=\"xoo-aff-group xoo-aff-cont-password one xoo-aff-cont-required xoo_el_reg_pass_again_cont\"><label for=xoo_el_reg_pass_again class=\"xoo-aff-label\">Confirm password <\/label><input type=\"password\" class=\"xoo-aff-required xoo-aff-password\" name=\"xoo_el_reg_pass_again\" placeholder=\"\"  value=\"\" required=\"\t\" autocomplete=\"new-password\"\/><div class=\"xoo-aff-pw-toggle\">\r\n\t\t\t\t\t<span class=\"xoo-aff-pwtog-show\"><i class=\"far fa-eye\"><\/i><\/span>\r\n\t\t\t\t\t<span class=\"xoo-aff-pwtog-hide\"><i class=\"far fa-eye-slash\"><\/i><\/span>\r\n\t\t\t\t\t<\/div><\/div><\/div>\r\n<input type=\"hidden\" name=\"_xoo_el_form\" value=\"register\">\r\n\r\n\r\n<button type=\"submit\" class=\"button btn xoo-el-action-btn xoo-el-register-btn\">Sign up<\/button>\r\n\r\n<input type=\"hidden\" name=\"xoo_el_redirect\" value=\"https:\/\/marimbacouture.com\/commander\/\">\r\n\t\t\t\t\t\r\n\t\t\t\t<\/form>\r\n\r\n\t\t\t\t\r\n\t\r\n\t\r\n\r\n\t\r\n\t\r\n\t\t\t<\/div>\r\n\r\n\t\t<\/div>\r\n\r\n\t\r\n\t\t\t\r\n\t\t<div data-section=\"lostpw\" class=\"xoo-el-section\">\r\n\r\n\t\t\t<div class=\"xoo-el-fields\">\r\n\r\n\t\t\t\t<div class=\"xoo-el-notice\"><\/div>\r\n\t\t\t\t<form class=\"xoo-el-action-form xoo-el-form-lostpw\">\r\n\r\n\t\t\t\t\t\r\n\t\t\t\t\t\r\n\r\n<span class=\"xoo-el-form-txt\">Lost your password? Please enter your username or email address. You will receive a link to create a new password via email.<\/span>\r\n\r\n<div class=\"xoo-el-fields-cont\"><div class=\"xoo-aff-group xoo-aff-cont-text one xoo-aff-cont-required user_login_cont\"><label for=user_login class=\"xoo-aff-label\">Email address<\/label><input type=\"text\" class=\"xoo-aff-required xoo-aff-text\" name=\"user_login\" placeholder=\"\"  value=\"\" required=\"\t\"\/><\/div><\/div>\r\n\r\n<input type=\"hidden\" name=\"_xoo_el_form\" value=\"lostPassword\">\r\n\r\n<input type=\"hidden\" name=\"_wp_http_referer\" value=\"\/en\/wp-json\/wp\/v2\/pages\/2178\" \/>\r\n<button type=\"submit\" class=\"button btn xoo-el-action-btn xoo-el-lostpw-btn\">Send the reset email<\/button>\r\n\t\t\t\t\t\r\n\t\t\t\t<\/form>\r\n\r\n\t\t\t\t\r\n\t\r\n\t\r\n\r\n\t\r\n\t\r\n\t\t\t<\/div>\r\n\r\n\t\t<\/div>\r\n\r\n\t\r\n\t\r\n<\/div><\/div>\n\t\t\t\t\t\t<\/div>\n\t\t\t\t<\/div>\n\t\t\t\t<\/div>\n\t\t<div class=\"elementor-element elementor-element-c5e42cc e-con-full e-flex e-con e-child\" data-id=\"c5e42cc\" data-element_type=\"container\" data-e-type=\"container\">\n\t\t<div class=\"elementor-element elementor-element-d83c7b8 e-con-full e-flex e-con e-child\" data-id=\"d83c7b8\" data-element_type=\"container\" data-e-type=\"container\">\n\t\t\t\t<div class=\"elementor-element elementor-element-8f64a49 elementor-widget elementor-widget-text-editor\" data-id=\"8f64a49\" data-element_type=\"widget\" data-e-type=\"widget\" data-widget_type=\"text-editor.default\">\n\t\t\t\t<div class=\"elementor-widget-container\">\n\t\t\t\t\t\t\t\t\t<p>Or<\/p>\n\t\t\t\t\t\t\t\t<\/div>\n\t\t\t\t<\/div>\n\t\t\t\t<div class=\"elementor-element elementor-element-fa6db88 elementor-widget elementor-widget-heading\" data-id=\"fa6db88\" data-element_type=\"widget\" data-e-type=\"widget\" data-widget_type=\"heading.default\">\n\t\t\t\t<div class=\"elementor-widget-container\">\n\t\t\t\t\t<h2 class=\"elementor-heading-title elementor-size-default\">Continue as a guest<\/h2>\t\t\t\t<\/div>\n\t\t\t\t<\/div>\n\t\t\t\t<div class=\"elementor-element elementor-element-de08a0c elementor-widget elementor-widget-text-editor\" data-id=\"de08a0c\" data-element_type=\"widget\" data-e-type=\"widget\" data-widget_type=\"text-editor.default\">\n\t\t\t\t<div class=\"elementor-widget-container\">\n\t\t\t\t\t\t\t\t\t<p>And enter your details<br \/>  directly to the<br \/>  order.<\/p>\n\t\t\t\t\t\t\t\t<\/div>\n\t\t\t\t<\/div>\n\t\t\t\t<div class=\"elementor-element elementor-element-7056ce1 elementor-align-center elementor-widget__width-initial elementor-widget elementor-widget-button\" data-id=\"7056ce1\" data-element_type=\"widget\" data-e-type=\"widget\" data-widget_type=\"button.default\">\n\t\t\t\t<div class=\"elementor-widget-container\">\n\t\t\t\t\t\t\t\t\t<div class=\"elementor-button-wrapper\">\n\t\t\t\t\t<a class=\"elementor-button elementor-button-link elementor-size-xl\" href=\"https:\/\/marimbacouture.com\/en\/confirm-order\/\">\n\t\t\t\t\t\t<span class=\"elementor-button-content-wrapper\">\n\t\t\t\t\t\t\t\t\t<span class=\"elementor-button-text\">Proceed to order<\/span>\n\t\t\t\t\t<\/span>\n\t\t\t\t\t<\/a>\n\t\t\t\t<\/div>\n\t\t\t\t\t\t\t\t<\/div>\n\t\t\t\t<\/div>\n\t\t\t\t<\/div>\n\t\t\t\t<\/div>\n\t\t\t\t<\/div>\n\t\t\t\t<\/div>\n\t\t","protected":false},"excerpt":{"rendered":"<p>Login Or Continue as a guest And enter your details directly to the order. Proceed to order<\/p>\n","protected":false},"author":1,"featured_media":0,"parent":0,"menu_order":6,"comment_status":"closed","ping_status":"closed","template":"","meta":{"_acf_changed":false,"footnotes":""},"class_list":["post-2178","page","type-page","status-publish","hentry"],"acf":[],"yoast_head":"<!-- This site is optimized with the Yoast SEO plugin v26.9 - https:\/\/yoast.com\/product\/yoast-seo-wordpress\/ -->\n<title>Login before purchase - Marimba Couture<\/title>\n<meta name=\"robots\" content=\"index, follow, max-snippet:-1, max-image-preview:large, max-video-preview:-1\" \/>\n<link rel=\"canonical\" href=\"https:\/\/marimbacouture.com\/en\/login-before-purchase\/\" \/>\n<meta property=\"og:locale\" content=\"en_US\" \/>\n<meta property=\"og:type\" content=\"article\" \/>\n<meta property=\"og:title\" content=\"Login before purchase - Marimba Couture\" \/>\n<meta property=\"og:description\" content=\"Login Or Continue as a guest And enter your details directly to the order. Proceed to order\" \/>\n<meta property=\"og:url\" content=\"https:\/\/marimbacouture.com\/en\/login-before-purchase\/\" \/>\n<meta property=\"og:site_name\" content=\"Marimba Couture\" \/>\n<meta property=\"article:modified_time\" content=\"2024-10-23T09:52:32+00:00\" \/>\n<meta name=\"twitter:card\" content=\"summary_large_image\" \/>\n<meta name=\"twitter:label1\" content=\"Est. reading time\" \/>\n\t<meta name=\"twitter:data1\" content=\"1 minute\" \/>\n<script type=\"application\/ld+json\" class=\"yoast-schema-graph\">{\"@context\":\"https:\/\/schema.org\",\"@graph\":[{\"@type\":\"WebPage\",\"@id\":\"https:\/\/marimbacouture.com\/en\/login-before-purchase\/\",\"url\":\"https:\/\/marimbacouture.com\/en\/login-before-purchase\/\",\"name\":\"Login before purchase - Marimba Couture\",\"isPartOf\":{\"@id\":\"https:\/\/marimbacouture.com\/#website\"},\"datePublished\":\"2024-02-21T14:39:28+00:00\",\"dateModified\":\"2024-10-23T09:52:32+00:00\",\"breadcrumb\":{\"@id\":\"https:\/\/marimbacouture.com\/en\/login-before-purchase\/#breadcrumb\"},\"inLanguage\":\"en-US\",\"potentialAction\":[{\"@type\":\"ReadAction\",\"target\":[\"https:\/\/marimbacouture.com\/en\/login-before-purchase\/\"]}]},{\"@type\":\"BreadcrumbList\",\"@id\":\"https:\/\/marimbacouture.com\/en\/login-before-purchase\/#breadcrumb\",\"itemListElement\":[{\"@type\":\"ListItem\",\"position\":1,\"name\":\"Accueil\",\"item\":\"https:\/\/marimbacouture.com\/\"},{\"@type\":\"ListItem\",\"position\":2,\"name\":\"Login before purchase\"}]},{\"@type\":\"WebSite\",\"@id\":\"https:\/\/marimbacouture.com\/#website\",\"url\":\"https:\/\/marimbacouture.com\/\",\"name\":\"Marimba Couture\",\"description\":\"\",\"publisher\":{\"@id\":\"https:\/\/marimbacouture.com\/#organization\"},\"alternateName\":\"Marimba Couture\",\"potentialAction\":[{\"@type\":\"SearchAction\",\"target\":{\"@type\":\"EntryPoint\",\"urlTemplate\":\"https:\/\/marimbacouture.com\/?s={search_term_string}\"},\"query-input\":{\"@type\":\"PropertyValueSpecification\",\"valueRequired\":true,\"valueName\":\"search_term_string\"}}],\"inLanguage\":\"en-US\"},{\"@type\":\"Organization\",\"@id\":\"https:\/\/marimbacouture.com\/#organization\",\"name\":\"Marimba Couture\",\"alternateName\":\"Marimba\",\"url\":\"https:\/\/marimbacouture.com\/\",\"logo\":{\"@type\":\"ImageObject\",\"inLanguage\":\"en-US\",\"@id\":\"https:\/\/marimbacouture.com\/#\/schema\/logo\/image\/\",\"url\":\"https:\/\/marimbacouture.com\/wp-content\/uploads\/2024\/01\/logo-marimba-1.png\",\"contentUrl\":\"https:\/\/marimbacouture.com\/wp-content\/uploads\/2024\/01\/logo-marimba-1.png\",\"width\":2042,\"height\":1775,\"caption\":\"Marimba Couture\"},\"image\":{\"@id\":\"https:\/\/marimbacouture.com\/#\/schema\/logo\/image\/\"},\"sameAs\":[\"https:\/\/www.instagram.com\/marimbacouture\/?hl=fr\"]}]}<\/script>\n<!-- \/ Yoast SEO plugin. -->","yoast_head_json":{"title":"Login before purchase - Marimba Couture","robots":{"index":"index","follow":"follow","max-snippet":"max-snippet:-1","max-image-preview":"max-image-preview:large","max-video-preview":"max-video-preview:-1"},"canonical":"https:\/\/marimbacouture.com\/en\/login-before-purchase\/","og_locale":"en_US","og_type":"article","og_title":"Login before purchase - Marimba Couture","og_description":"Login Or Continue as a guest And enter your details directly to the order. Proceed to order","og_url":"https:\/\/marimbacouture.com\/en\/login-before-purchase\/","og_site_name":"Marimba Couture","article_modified_time":"2024-10-23T09:52:32+00:00","twitter_card":"summary_large_image","twitter_misc":{"Est. reading time":"1 minute"},"schema":{"@context":"https:\/\/schema.org","@graph":[{"@type":"WebPage","@id":"https:\/\/marimbacouture.com\/en\/login-before-purchase\/","url":"https:\/\/marimbacouture.com\/en\/login-before-purchase\/","name":"Login before purchase - Marimba Couture","isPartOf":{"@id":"https:\/\/marimbacouture.com\/#website"},"datePublished":"2024-02-21T14:39:28+00:00","dateModified":"2024-10-23T09:52:32+00:00","breadcrumb":{"@id":"https:\/\/marimbacouture.com\/en\/login-before-purchase\/#breadcrumb"},"inLanguage":"en-US","potentialAction":[{"@type":"ReadAction","target":["https:\/\/marimbacouture.com\/en\/login-before-purchase\/"]}]},{"@type":"BreadcrumbList","@id":"https:\/\/marimbacouture.com\/en\/login-before-purchase\/#breadcrumb","itemListElement":[{"@type":"ListItem","position":1,"name":"Accueil","item":"https:\/\/marimbacouture.com\/"},{"@type":"ListItem","position":2,"name":"Login before purchase"}]},{"@type":"WebSite","@id":"https:\/\/marimbacouture.com\/#website","url":"https:\/\/marimbacouture.com\/","name":"Marimba Couture","description":"","publisher":{"@id":"https:\/\/marimbacouture.com\/#organization"},"alternateName":"Marimba Couture","potentialAction":[{"@type":"SearchAction","target":{"@type":"EntryPoint","urlTemplate":"https:\/\/marimbacouture.com\/?s={search_term_string}"},"query-input":{"@type":"PropertyValueSpecification","valueRequired":true,"valueName":"search_term_string"}}],"inLanguage":"en-US"},{"@type":"Organization","@id":"https:\/\/marimbacouture.com\/#organization","name":"Marimba Couture","alternateName":"Marimba","url":"https:\/\/marimbacouture.com\/","logo":{"@type":"ImageObject","inLanguage":"en-US","@id":"https:\/\/marimbacouture.com\/#\/schema\/logo\/image\/","url":"https:\/\/marimbacouture.com\/wp-content\/uploads\/2024\/01\/logo-marimba-1.png","contentUrl":"https:\/\/marimbacouture.com\/wp-content\/uploads\/2024\/01\/logo-marimba-1.png","width":2042,"height":1775,"caption":"Marimba Couture"},"image":{"@id":"https:\/\/marimbacouture.com\/#\/schema\/logo\/image\/"},"sameAs":["https:\/\/www.instagram.com\/marimbacouture\/?hl=fr"]}]}},"_links":{"self":[{"href":"https:\/\/marimbacouture.com\/en\/wp-json\/wp\/v2\/pages\/2178","targetHints":{"allow":["GET"]}}],"collection":[{"href":"https:\/\/marimbacouture.com\/en\/wp-json\/wp\/v2\/pages"}],"about":[{"href":"https:\/\/marimbacouture.com\/en\/wp-json\/wp\/v2\/types\/page"}],"author":[{"embeddable":true,"href":"https:\/\/marimbacouture.com\/en\/wp-json\/wp\/v2\/users\/1"}],"replies":[{"embeddable":true,"href":"https:\/\/marimbacouture.com\/en\/wp-json\/wp\/v2\/comments?post=2178"}],"version-history":[{"count":7,"href":"https:\/\/marimbacouture.com\/en\/wp-json\/wp\/v2\/pages\/2178\/revisions"}],"predecessor-version":[{"id":3994,"href":"https:\/\/marimbacouture.com\/en\/wp-json\/wp\/v2\/pages\/2178\/revisions\/3994"}],"wp:attachment":[{"href":"https:\/\/marimbacouture.com\/en\/wp-json\/wp\/v2\/media?parent=2178"}],"curies":[{"name":"wp","href":"https:\/\/api.w.org\/{rel}","templated":true}]}}